{"id":888,"date":"2017-01-25T14:53:54","date_gmt":"2017-01-25T12:53:54","guid":{"rendered":"http:\/\/kasenurm.webme.ee\/kallurveod\/"},"modified":"2017-02-20T14:02:55","modified_gmt":"2017-02-20T12:02:55","slug":"kallurveod","status":"publish","type":"page","link":"https:\/\/kasenurm.ee\/en\/services\/kallurveod\/","title":{"rendered":"Kallurveod"},"content":{"rendered":"<section  class='av_textblock_section av-av_textblock-0366cc7376be6c9e82a3e9cc8987b64f '   itemscope=\"itemscope\" itemtype=\"https:\/\/schema.org\/CreativeWork\" ><div class='avia_textblock'  itemprop=\"text\" ><p>Tegeleme kallurvedudega P\u00e4rnus ja P\u00e4rnumaal. Oleme heaks partneriks eramuehituses ja haljastust\u00f6\u00f6del. Samuti erinevatel teistel vedudel, mida vajavad n\u00e4iteks kohalikud omavalitsused, korteri\u00fchistud, eramajapidamised jt.<\/p>\n<\/div><\/section>\n\n<style type=\"text\/css\" data-created_by=\"avia_inline_auto\" id=\"style-css-av-av_hr-e1bf45ef16027738821bc0c6cde6e23f\">\n#top .hr.av-av_hr-e1bf45ef16027738821bc0c6cde6e23f{\nmargin-top:30px;\nmargin-bottom:30px;\n}\n.hr.av-av_hr-e1bf45ef16027738821bc0c6cde6e23f .hr-inner{\nwidth:50px;\nborder-color:#444444;\nmax-width:45%;\n}\n<\/style>\n<div  class='hr av-av_hr-e1bf45ef16027738821bc0c6cde6e23f hr-custom  avia-builder-el-1  el_after_av_textblock  el_before_av_contact  hr-center hr-icon-yes'><span class='hr-inner inner-border-av-border-thin'><span class=\"hr-inner-style\"><\/span><\/span><span class='av-seperator-icon' aria-hidden='true' data-av_icon='\ue81d' data-av_iconfont='entypo-fontello'><\/span><span class='hr-inner inner-border-av-border-thin'><span class=\"hr-inner-style\"><\/span><\/span><\/div>\n<form action=\"https:\/\/kasenurm.ee\/en\/services\/kallurveod\/\" method=\"post\" data-fields-with-error=\"Found errors in the following field(s):\" class=\"avia_ajax_form av-form-labels-visible   avia-builder-el-2  el_after_av_hr  avia-builder-el-last   \" data-avia-form-id=\"1\" data-avia-redirect='' ><h3 class=''>Saada k\u00fcsimus<\/h3><fieldset><p class='  first_form  form_element form_element_half' id='element_avia_1_1'><label for=\"avia_1_1\">Automark <abbr class=\"required\" title=\"required\">*<\/abbr><\/label> <input name=\"avia_1_1\" class=\"text_input is_empty\" type=\"text\" id=\"avia_1_1\" value=\"\" \/><\/p><p class='  form_element form_element_half' id='element_avia_2_1'><label for=\"avia_2_1\">Pealelaadimise aadress <abbr class=\"required\" title=\"required\">*<\/abbr><\/label> <input name=\"avia_2_1\" class=\"text_input is_empty\" type=\"text\" id=\"avia_2_1\" value=\"\" \/><\/p><p class='  first_form  form_element form_element_half' id='element_avia_3_1'><label for=\"avia_3_1\">Linn <abbr class=\"required\" title=\"required\">*<\/abbr><\/label> <input name=\"avia_3_1\" class=\"text_input is_empty\" type=\"text\" id=\"avia_3_1\" value=\"\" \/><\/p><p class='  form_element form_element_half' id='element_avia_4_1'><label for=\"avia_4_1\">Riik <abbr class=\"required\" title=\"required\">*<\/abbr><\/label> <input name=\"avia_4_1\" class=\"text_input is_empty\" type=\"text\" id=\"avia_4_1\" value=\"\" \/><\/p><p class='  first_form  form_element form_element_half' id='element_avia_5_1'><label for=\"avia_5_1\">Indeks <abbr class=\"required\" title=\"required\">*<\/abbr><\/label> <input name=\"avia_5_1\" class=\"text_input is_empty\" type=\"text\" id=\"avia_5_1\" value=\"\" \/><\/p><p class='  form_element form_element_half av-last-visible-form-element' id='element_avia_6_1'><label for=\"avia_6_1\">Telefon <abbr class=\"required\" title=\"required\">*<\/abbr><\/label> <input name=\"avia_6_1\" class=\"text_input is_empty\" type=\"text\" id=\"avia_6_1\" value=\"\" \/><\/p><p class=\"hidden\"><input type=\"text\" name=\"avia_7_1\" class=\"hidden \" id=\"avia_7_1\" value=\"\" \/><\/p><p class=\"form_element \"><input type=\"hidden\" value=\"1\" name=\"avia_generated_form1\" \/><input type=\"submit\" value=\"Saada\" class=\"button\"  data-sending-label=\"Sending\"\/><\/p><\/fieldset><\/form><div id=\"ajaxresponse_1\" class=\"ajaxresponse ajaxresponse_1 hidden\"><\/div>\n","protected":false},"excerpt":{"rendered":"","protected":false},"author":2,"featured_media":0,"parent":905,"menu_order":0,"comment_status":"closed","ping_status":"closed","template":"","meta":{"footnotes":""},"class_list":["post-888","page","type-page","status-publish","hentry"],"yoast_head":"<!-- This site is optimized with the Yoast SEO plugin v24.3 - https:\/\/yoast.com\/wordpress\/plugins\/seo\/ -->\n<title>Kallurveod | Kasenurm Transport O\u00dc<\/title>\n<meta name=\"robots\" content=\"index, follow, max-snippet:-1, max-image-preview:large, max-video-preview:-1\" \/>\n<link rel=\"canonical\" href=\"https:\/\/kasenurm.ee\/en\/teenused\/kallurveod\/\" \/>\n<meta property=\"og:locale\" content=\"en_US\" \/>\n<meta property=\"og:type\" content=\"article\" \/>\n<meta property=\"og:title\" content=\"Kallurveod | Kasenurm Transport O\u00dc\" \/>\n<meta property=\"og:url\" content=\"https:\/\/kasenurm.ee\/teenused\/kallurveod\/\" \/>\n<meta property=\"og:site_name\" content=\"Kasenurm Transport O\u00dc\" \/>\n<meta property=\"article:modified_time\" content=\"2017-02-20T12:02:55+00:00\" \/>\n<meta name=\"twitter:card\" content=\"summary_large_image\" \/>\n<meta name=\"twitter:label1\" content=\"Est. reading time\" \/>\n\t<meta name=\"twitter:data1\" content=\"1 minute\" \/>\n<script type=\"application\/ld+json\" class=\"yoast-schema-graph\">{\"@context\":\"https:\/\/schema.org\",\"@graph\":[{\"@type\":\"WebPage\",\"@id\":\"https:\/\/kasenurm.ee\/teenused\/kallurveod\/\",\"url\":\"https:\/\/kasenurm.ee\/teenused\/kallurveod\/\",\"name\":\"Kallurveod | Kasenurm Transport O\u00dc\",\"isPartOf\":{\"@id\":\"https:\/\/kasenurm.ee\/#website\"},\"datePublished\":\"2017-01-25T12:53:54+00:00\",\"dateModified\":\"2017-02-20T12:02:55+00:00\",\"breadcrumb\":{\"@id\":\"https:\/\/kasenurm.ee\/teenused\/kallurveod\/#breadcrumb\"},\"inLanguage\":\"en-US\",\"potentialAction\":[{\"@type\":\"ReadAction\",\"target\":[\"https:\/\/kasenurm.ee\/teenused\/kallurveod\/\"]}]},{\"@type\":\"BreadcrumbList\",\"@id\":\"https:\/\/kasenurm.ee\/teenused\/kallurveod\/#breadcrumb\",\"itemListElement\":[{\"@type\":\"ListItem\",\"position\":1,\"name\":\"Home\",\"item\":\"https:\/\/kasenurm.ee\/\"},{\"@type\":\"ListItem\",\"position\":2,\"name\":\"Services\",\"item\":\"https:\/\/kasenurm.ee\/teenused\/\"},{\"@type\":\"ListItem\",\"position\":3,\"name\":\"Kallurveod\"}]},{\"@type\":\"WebSite\",\"@id\":\"https:\/\/kasenurm.ee\/#website\",\"url\":\"https:\/\/kasenurm.ee\/\",\"name\":\"Kasenurm Transport O\u00dc\",\"description\":\"S\u00f5iduautode ja kaubikute transport euroopas\",\"publisher\":{\"@id\":\"https:\/\/kasenurm.ee\/#organization\"},\"potentialAction\":[{\"@type\":\"SearchAction\",\"target\":{\"@type\":\"EntryPoint\",\"urlTemplate\":\"https:\/\/kasenurm.ee\/?s={search_term_string}\"},\"query-input\":{\"@type\":\"PropertyValueSpecification\",\"valueRequired\":true,\"valueName\":\"search_term_string\"}}],\"inLanguage\":\"en-US\"},{\"@type\":\"Organization\",\"@id\":\"https:\/\/kasenurm.ee\/#organization\",\"name\":\"Kasenurm Transport O\u00dc\",\"url\":\"https:\/\/kasenurm.ee\/\",\"logo\":{\"@type\":\"ImageObject\",\"inLanguage\":\"en-US\",\"@id\":\"https:\/\/kasenurm.ee\/#\/schema\/logo\/image\/\",\"url\":\"https:\/\/kasenurm.ee\/wp-content\/uploads\/2017\/01\/Kasenurm_Transport_logo.png\",\"contentUrl\":\"https:\/\/kasenurm.ee\/wp-content\/uploads\/2017\/01\/Kasenurm_Transport_logo.png\",\"width\":827,\"height\":222,\"caption\":\"Kasenurm Transport O\u00dc\"},\"image\":{\"@id\":\"https:\/\/kasenurm.ee\/#\/schema\/logo\/image\/\"}}]}<\/script>\n<!-- \/ Yoast SEO plugin. -->","yoast_head_json":{"title":"Kallurveod | Kasenurm Transport O\u00dc","robots":{"index":"index","follow":"follow","max-snippet":"max-snippet:-1","max-image-preview":"max-image-preview:large","max-video-preview":"max-video-preview:-1"},"canonical":"https:\/\/kasenurm.ee\/en\/teenused\/kallurveod\/","og_locale":"en_US","og_type":"article","og_title":"Kallurveod | Kasenurm Transport O\u00dc","og_url":"https:\/\/kasenurm.ee\/teenused\/kallurveod\/","og_site_name":"Kasenurm Transport O\u00dc","article_modified_time":"2017-02-20T12:02:55+00:00","twitter_card":"summary_large_image","twitter_misc":{"Est. reading time":"1 minute"},"schema":{"@context":"https:\/\/schema.org","@graph":[{"@type":"WebPage","@id":"https:\/\/kasenurm.ee\/teenused\/kallurveod\/","url":"https:\/\/kasenurm.ee\/teenused\/kallurveod\/","name":"Kallurveod | Kasenurm Transport O\u00dc","isPartOf":{"@id":"https:\/\/kasenurm.ee\/#website"},"datePublished":"2017-01-25T12:53:54+00:00","dateModified":"2017-02-20T12:02:55+00:00","breadcrumb":{"@id":"https:\/\/kasenurm.ee\/teenused\/kallurveod\/#breadcrumb"},"inLanguage":"en-US","potentialAction":[{"@type":"ReadAction","target":["https:\/\/kasenurm.ee\/teenused\/kallurveod\/"]}]},{"@type":"BreadcrumbList","@id":"https:\/\/kasenurm.ee\/teenused\/kallurveod\/#breadcrumb","itemListElement":[{"@type":"ListItem","position":1,"name":"Home","item":"https:\/\/kasenurm.ee\/"},{"@type":"ListItem","position":2,"name":"Services","item":"https:\/\/kasenurm.ee\/teenused\/"},{"@type":"ListItem","position":3,"name":"Kallurveod"}]},{"@type":"WebSite","@id":"https:\/\/kasenurm.ee\/#website","url":"https:\/\/kasenurm.ee\/","name":"Kasenurm Transport O\u00dc","description":"S\u00f5iduautode ja kaubikute transport euroopas","publisher":{"@id":"https:\/\/kasenurm.ee\/#organization"},"potentialAction":[{"@type":"SearchAction","target":{"@type":"EntryPoint","urlTemplate":"https:\/\/kasenurm.ee\/?s={search_term_string}"},"query-input":{"@type":"PropertyValueSpecification","valueRequired":true,"valueName":"search_term_string"}}],"inLanguage":"en-US"},{"@type":"Organization","@id":"https:\/\/kasenurm.ee\/#organization","name":"Kasenurm Transport O\u00dc","url":"https:\/\/kasenurm.ee\/","logo":{"@type":"ImageObject","inLanguage":"en-US","@id":"https:\/\/kasenurm.ee\/#\/schema\/logo\/image\/","url":"https:\/\/kasenurm.ee\/wp-content\/uploads\/2017\/01\/Kasenurm_Transport_logo.png","contentUrl":"https:\/\/kasenurm.ee\/wp-content\/uploads\/2017\/01\/Kasenurm_Transport_logo.png","width":827,"height":222,"caption":"Kasenurm Transport O\u00dc"},"image":{"@id":"https:\/\/kasenurm.ee\/#\/schema\/logo\/image\/"}}]}},"_links":{"self":[{"href":"https:\/\/kasenurm.ee\/en\/wp-json\/wp\/v2\/pages\/888","targetHints":{"allow":["GET"]}}],"collection":[{"href":"https:\/\/kasenurm.ee\/en\/wp-json\/wp\/v2\/pages"}],"about":[{"href":"https:\/\/kasenurm.ee\/en\/wp-json\/wp\/v2\/types\/page"}],"author":[{"embeddable":true,"href":"https:\/\/kasenurm.ee\/en\/wp-json\/wp\/v2\/users\/2"}],"replies":[{"embeddable":true,"href":"https:\/\/kasenurm.ee\/en\/wp-json\/wp\/v2\/comments?post=888"}],"version-history":[{"count":2,"href":"https:\/\/kasenurm.ee\/en\/wp-json\/wp\/v2\/pages\/888\/revisions"}],"predecessor-version":[{"id":1507,"href":"https:\/\/kasenurm.ee\/en\/wp-json\/wp\/v2\/pages\/888\/revisions\/1507"}],"up":[{"embeddable":true,"href":"https:\/\/kasenurm.ee\/en\/wp-json\/wp\/v2\/pages\/905"}],"wp:attachment":[{"href":"https:\/\/kasenurm.ee\/en\/wp-json\/wp\/v2\/media?parent=888"}],"curies":[{"name":"wp","href":"https:\/\/api.w.org\/{rel}","templated":true}]}}