{"id":899,"date":"2017-01-25T14:53:18","date_gmt":"2017-01-25T12:53:18","guid":{"rendered":"http:\/\/kasenurm.webme.ee\/treilerveod\/"},"modified":"2017-02-20T12:17:23","modified_gmt":"2017-02-20T10:17:23","slug":"trailertransporte","status":"publish","type":"page","link":"https:\/\/kasenurm.ee\/de\/transporte\/trailertransporte\/","title":{"rendered":"Trailertransporte"},"content":{"rendered":"<section  class='av_textblock_section av-av_textblock-0366cc7376be6c9e82a3e9cc8987b64f '   itemscope=\"itemscope\" itemtype=\"https:\/\/schema.org\/CreativeWork\" ><div class='avia_textblock'  itemprop=\"text\" ><p>Unsere Kunden sind sowohl Unternehmen im Bereich des Verkaufs und der Vermittlung von Fahrzeugen als auch Privatpersonen. Wir besch\u00e4ftigen uns mit dem Transport von sowohl Neu- als auch Gebrauchtwagen zwischen Estland und Europa und Skandinavien. Wir sind ein guter Partner auch f\u00fcr Privatpersonen, die ein in Deutschland oder anderswo in Europa gekauftes Auto nach Estland bef\u00f6rdern m\u00f6chten. Unser Ziel ist es, unsere Flotte stets neu und in gut gewartetem Zustand zu halten, um reibungslose Arbeit zu sichern und die Umwelt zu schonen.<\/p>\n<p><strong>Was sollte man vor einer Transportbestellung wissen?<\/strong><\/p>\n<p>W\u00e4hrend die \u00dcberf\u00fchrung eines Autos aus Deutschland, den Niederlanden und Belgien nach Estland preisg\u00fcnstig und die Transportverbindung zu diesen Staaten rege ist, kann der Transport bei den L\u00e4ndern S\u00fcdeuropas recht teuer sein, deshalb ist es vern\u00fcnftig, vor dem Autokauf sich immer mit dem Betreiber von Trailertransporten zu beraten.<\/p>\n<p>\u2013 Wenn das gekaufte Auto fahrunf\u00e4hig ist, sollten Sie den Frachtf\u00fchrer dar\u00fcber vor der Transportbestellung bestimmt informieren.<\/p>\n<p>\u2013 Beim Autokauf lohnt es sich bestimmt, den Hintergrund des Autoverk\u00e4ufers zu erforschen, in der Regel ist es sicherer, das Auto von einem Unternehmen, nicht von einer Privatperson zu kaufen. Der Betreiber von Trailertransporten haftet nur f\u00fcr die Organisierung des Transports, jedoch beraten wir immer gerne, wie man vorgehen sollte.<\/p>\n<\/div><\/section>\n\n<style type=\"text\/css\" data-created_by=\"avia_inline_auto\" id=\"style-css-av-av_hr-e1bf45ef16027738821bc0c6cde6e23f\">\n#top .hr.av-av_hr-e1bf45ef16027738821bc0c6cde6e23f{\nmargin-top:30px;\nmargin-bottom:30px;\n}\n.hr.av-av_hr-e1bf45ef16027738821bc0c6cde6e23f .hr-inner{\nwidth:50px;\nborder-color:#444444;\nmax-width:45%;\n}\n<\/style>\n<div  class='hr av-av_hr-e1bf45ef16027738821bc0c6cde6e23f hr-custom  avia-builder-el-1  el_after_av_textblock  el_before_av_contact  hr-center hr-icon-yes'><span class='hr-inner inner-border-av-border-thin'><span class=\"hr-inner-style\"><\/span><\/span><span class='av-seperator-icon' aria-hidden='true' data-av_icon='\ue81d' data-av_iconfont='entypo-fontello'><\/span><span class='hr-inner inner-border-av-border-thin'><span class=\"hr-inner-style\"><\/span><\/span><\/div>\n<form action=\"https:\/\/kasenurm.ee\/de\/transporte\/trailertransporte\/\" method=\"post\" data-fields-with-error=\"Found errors in the following field(s):\" class=\"avia_ajax_form av-form-labels-visible   avia-builder-el-2  el_after_av_hr  avia-builder-el-last   \" data-avia-form-id=\"1\" data-avia-redirect='' ><h3 class=''>Frage senden<\/h3><fieldset><p class='  first_form  form_element form_element_half' id='element_avia_1_1'><label for=\"avia_1_1\">Automarke <abbr class=\"required\" title=\"ben\u00f6tigt\">*<\/abbr><\/label> <input name=\"avia_1_1\" class=\"text_input is_empty\" type=\"text\" id=\"avia_1_1\" value=\"\" \/><\/p><p class='  form_element form_element_half' id='element_avia_2_1'><label for=\"avia_2_1\">Beladeadresse <abbr class=\"required\" title=\"ben\u00f6tigt\">*<\/abbr><\/label> <input name=\"avia_2_1\" class=\"text_input is_empty\" type=\"text\" id=\"avia_2_1\" value=\"\" \/><\/p><p class='  first_form  form_element form_element_half' id='element_avia_3_1'><label for=\"avia_3_1\">Stadt <abbr class=\"required\" title=\"ben\u00f6tigt\">*<\/abbr><\/label> <input name=\"avia_3_1\" class=\"text_input is_empty\" type=\"text\" id=\"avia_3_1\" value=\"\" \/><\/p><p class='  form_element form_element_half' id='element_avia_4_1'><label for=\"avia_4_1\">Staat <abbr class=\"required\" title=\"ben\u00f6tigt\">*<\/abbr><\/label> <input name=\"avia_4_1\" class=\"text_input is_empty\" type=\"text\" id=\"avia_4_1\" value=\"\" \/><\/p><p class='  first_form  form_element form_element_half' id='element_avia_5_1'><label for=\"avia_5_1\">Postleitzahl <abbr class=\"required\" title=\"ben\u00f6tigt\">*<\/abbr><\/label> <input name=\"avia_5_1\" class=\"text_input is_empty\" type=\"text\" id=\"avia_5_1\" value=\"\" \/><\/p><p class='  form_element form_element_half av-last-visible-form-element' id='element_avia_6_1'><label for=\"avia_6_1\">Telefon <abbr class=\"required\" title=\"ben\u00f6tigt\">*<\/abbr><\/label> <input name=\"avia_6_1\" class=\"text_input is_empty\" type=\"text\" id=\"avia_6_1\" value=\"\" \/><\/p><p class=\"hidden\"><input type=\"text\" name=\"avia_7_1\" class=\"hidden \" id=\"avia_7_1\" value=\"\" \/><\/p><p class=\"form_element \"><input type=\"hidden\" value=\"1\" name=\"avia_generated_form1\" \/><input type=\"submit\" value=\"Senden\" class=\"button\"  data-sending-label=\"Sende\"\/><\/p><\/fieldset><\/form><div id=\"ajaxresponse_1\" class=\"ajaxresponse ajaxresponse_1 hidden\"><\/div>\n","protected":false},"excerpt":{"rendered":"","protected":false},"author":2,"featured_media":0,"parent":903,"menu_order":0,"comment_status":"closed","ping_status":"closed","template":"","meta":{"footnotes":""},"class_list":["post-899","page","type-page","status-publish","hentry"],"yoast_head":"<!-- This site is optimized with the Yoast SEO plugin v24.3 - https:\/\/yoast.com\/wordpress\/plugins\/seo\/ -->\n<title>Trailertransporte | Kasenurm Transport O\u00dc<\/title>\n<meta name=\"robots\" content=\"index, follow, max-snippet:-1, max-image-preview:large, max-video-preview:-1\" \/>\n<link rel=\"canonical\" href=\"https:\/\/kasenurm.ee\/de\/teenused\/treilerveod\/\" \/>\n<meta property=\"og:locale\" content=\"de_DE\" \/>\n<meta property=\"og:type\" content=\"article\" \/>\n<meta property=\"og:title\" content=\"Trailertransporte | Kasenurm Transport O\u00dc\" \/>\n<meta property=\"og:url\" content=\"https:\/\/kasenurm.ee\/teenused\/treilerveod\/\" \/>\n<meta property=\"og:site_name\" content=\"Kasenurm Transport O\u00dc\" \/>\n<meta property=\"article:modified_time\" content=\"2017-02-20T10:17:23+00:00\" \/>\n<meta name=\"twitter:card\" content=\"summary_large_image\" \/>\n<meta name=\"twitter:label1\" content=\"Gesch\u00e4tzte Lesezeit\" \/>\n\t<meta name=\"twitter:data1\" content=\"2 Minuten\" \/>\n<script type=\"application\/ld+json\" class=\"yoast-schema-graph\">{\"@context\":\"https:\/\/schema.org\",\"@graph\":[{\"@type\":\"WebPage\",\"@id\":\"https:\/\/kasenurm.ee\/teenused\/treilerveod\/\",\"url\":\"https:\/\/kasenurm.ee\/teenused\/treilerveod\/\",\"name\":\"Trailertransporte | Kasenurm Transport O\u00dc\",\"isPartOf\":{\"@id\":\"https:\/\/kasenurm.ee\/#website\"},\"datePublished\":\"2017-01-25T12:53:18+00:00\",\"dateModified\":\"2017-02-20T10:17:23+00:00\",\"breadcrumb\":{\"@id\":\"https:\/\/kasenurm.ee\/teenused\/treilerveod\/#breadcrumb\"},\"inLanguage\":\"de\",\"potentialAction\":[{\"@type\":\"ReadAction\",\"target\":[\"https:\/\/kasenurm.ee\/teenused\/treilerveod\/\"]}]},{\"@type\":\"BreadcrumbList\",\"@id\":\"https:\/\/kasenurm.ee\/teenused\/treilerveod\/#breadcrumb\",\"itemListElement\":[{\"@type\":\"ListItem\",\"position\":1,\"name\":\"Home\",\"item\":\"https:\/\/kasenurm.ee\/\"},{\"@type\":\"ListItem\",\"position\":2,\"name\":\"Transporte\",\"item\":\"https:\/\/kasenurm.ee\/teenused\/\"},{\"@type\":\"ListItem\",\"position\":3,\"name\":\"Trailertransporte\"}]},{\"@type\":\"WebSite\",\"@id\":\"https:\/\/kasenurm.ee\/#website\",\"url\":\"https:\/\/kasenurm.ee\/\",\"name\":\"Kasenurm Transport O\u00dc\",\"description\":\"S\u00f5iduautode ja kaubikute transport euroopas\",\"publisher\":{\"@id\":\"https:\/\/kasenurm.ee\/#organization\"},\"potentialAction\":[{\"@type\":\"SearchAction\",\"target\":{\"@type\":\"EntryPoint\",\"urlTemplate\":\"https:\/\/kasenurm.ee\/?s={search_term_string}\"},\"query-input\":{\"@type\":\"PropertyValueSpecification\",\"valueRequired\":true,\"valueName\":\"search_term_string\"}}],\"inLanguage\":\"de\"},{\"@type\":\"Organization\",\"@id\":\"https:\/\/kasenurm.ee\/#organization\",\"name\":\"Kasenurm Transport O\u00dc\",\"url\":\"https:\/\/kasenurm.ee\/\",\"logo\":{\"@type\":\"ImageObject\",\"inLanguage\":\"de\",\"@id\":\"https:\/\/kasenurm.ee\/#\/schema\/logo\/image\/\",\"url\":\"https:\/\/kasenurm.ee\/wp-content\/uploads\/2017\/01\/Kasenurm_Transport_logo.png\",\"contentUrl\":\"https:\/\/kasenurm.ee\/wp-content\/uploads\/2017\/01\/Kasenurm_Transport_logo.png\",\"width\":827,\"height\":222,\"caption\":\"Kasenurm Transport O\u00dc\"},\"image\":{\"@id\":\"https:\/\/kasenurm.ee\/#\/schema\/logo\/image\/\"}}]}<\/script>\n<!-- \/ Yoast SEO plugin. -->","yoast_head_json":{"title":"Trailertransporte | Kasenurm Transport O\u00dc","robots":{"index":"index","follow":"follow","max-snippet":"max-snippet:-1","max-image-preview":"max-image-preview:large","max-video-preview":"max-video-preview:-1"},"canonical":"https:\/\/kasenurm.ee\/de\/teenused\/treilerveod\/","og_locale":"de_DE","og_type":"article","og_title":"Trailertransporte | Kasenurm Transport O\u00dc","og_url":"https:\/\/kasenurm.ee\/teenused\/treilerveod\/","og_site_name":"Kasenurm Transport O\u00dc","article_modified_time":"2017-02-20T10:17:23+00:00","twitter_card":"summary_large_image","twitter_misc":{"Gesch\u00e4tzte Lesezeit":"2 Minuten"},"schema":{"@context":"https:\/\/schema.org","@graph":[{"@type":"WebPage","@id":"https:\/\/kasenurm.ee\/teenused\/treilerveod\/","url":"https:\/\/kasenurm.ee\/teenused\/treilerveod\/","name":"Trailertransporte | Kasenurm Transport O\u00dc","isPartOf":{"@id":"https:\/\/kasenurm.ee\/#website"},"datePublished":"2017-01-25T12:53:18+00:00","dateModified":"2017-02-20T10:17:23+00:00","breadcrumb":{"@id":"https:\/\/kasenurm.ee\/teenused\/treilerveod\/#breadcrumb"},"inLanguage":"de","potentialAction":[{"@type":"ReadAction","target":["https:\/\/kasenurm.ee\/teenused\/treilerveod\/"]}]},{"@type":"BreadcrumbList","@id":"https:\/\/kasenurm.ee\/teenused\/treilerveod\/#breadcrumb","itemListElement":[{"@type":"ListItem","position":1,"name":"Home","item":"https:\/\/kasenurm.ee\/"},{"@type":"ListItem","position":2,"name":"Transporte","item":"https:\/\/kasenurm.ee\/teenused\/"},{"@type":"ListItem","position":3,"name":"Trailertransporte"}]},{"@type":"WebSite","@id":"https:\/\/kasenurm.ee\/#website","url":"https:\/\/kasenurm.ee\/","name":"Kasenurm Transport O\u00dc","description":"S\u00f5iduautode ja kaubikute transport euroopas","publisher":{"@id":"https:\/\/kasenurm.ee\/#organization"},"potentialAction":[{"@type":"SearchAction","target":{"@type":"EntryPoint","urlTemplate":"https:\/\/kasenurm.ee\/?s={search_term_string}"},"query-input":{"@type":"PropertyValueSpecification","valueRequired":true,"valueName":"search_term_string"}}],"inLanguage":"de"},{"@type":"Organization","@id":"https:\/\/kasenurm.ee\/#organization","name":"Kasenurm Transport O\u00dc","url":"https:\/\/kasenurm.ee\/","logo":{"@type":"ImageObject","inLanguage":"de","@id":"https:\/\/kasenurm.ee\/#\/schema\/logo\/image\/","url":"https:\/\/kasenurm.ee\/wp-content\/uploads\/2017\/01\/Kasenurm_Transport_logo.png","contentUrl":"https:\/\/kasenurm.ee\/wp-content\/uploads\/2017\/01\/Kasenurm_Transport_logo.png","width":827,"height":222,"caption":"Kasenurm Transport O\u00dc"},"image":{"@id":"https:\/\/kasenurm.ee\/#\/schema\/logo\/image\/"}}]}},"_links":{"self":[{"href":"https:\/\/kasenurm.ee\/de\/wp-json\/wp\/v2\/pages\/899","targetHints":{"allow":["GET"]}}],"collection":[{"href":"https:\/\/kasenurm.ee\/de\/wp-json\/wp\/v2\/pages"}],"about":[{"href":"https:\/\/kasenurm.ee\/de\/wp-json\/wp\/v2\/types\/page"}],"author":[{"embeddable":true,"href":"https:\/\/kasenurm.ee\/de\/wp-json\/wp\/v2\/users\/2"}],"replies":[{"embeddable":true,"href":"https:\/\/kasenurm.ee\/de\/wp-json\/wp\/v2\/comments?post=899"}],"version-history":[{"count":13,"href":"https:\/\/kasenurm.ee\/de\/wp-json\/wp\/v2\/pages\/899\/revisions"}],"predecessor-version":[{"id":1536,"href":"https:\/\/kasenurm.ee\/de\/wp-json\/wp\/v2\/pages\/899\/revisions\/1536"}],"up":[{"embeddable":true,"href":"https:\/\/kasenurm.ee\/de\/wp-json\/wp\/v2\/pages\/903"}],"wp:attachment":[{"href":"https:\/\/kasenurm.ee\/de\/wp-json\/wp\/v2\/media?parent=899"}],"curies":[{"name":"wp","href":"https:\/\/api.w.org\/{rel}","templated":true}]}}